{"id":89,"date":"2019-05-22T20:35:54","date_gmt":"2019-05-22T18:35:54","guid":{"rendered":"http:\/\/www.wolbit.com\/?page_id=89"},"modified":"2020-01-20T19:36:42","modified_gmt":"2020-01-20T18:36:42","slug":"mesmerize","status":"publish","type":"page","link":"https:\/\/www.wolbit.com\/","title":{"rendered":"Front Page"},"content":{"rendered":"<div  data-label=\"About\" data-id=\"about--1\" data-export-id=\"about-9\" data-category=\"about\" class=\"about-9 content-section content-section-spacing\" id=\"about-1\" style=\"background-color: rgb(255, 255, 255);\"><div  class=\"gridContainer\"> <div  class=\"row middle-sm text-center\"><div  class=\"col-sm-5 space-bottom-xs content-column content-center-sm\" data-type=\"column\">  <h2  class=\"\">Witam na stronie firmy Wolbit<\/h2> <p  class=\"\">Zapraszam do zapoznania si\u0119 z profilem dzia\u0142alo\u015bci firmy. \n<br >\n<br >&nbsp;Kilkunastoletnie do\u015bwiadczenie oraz wiele zrealizowanych z \n<br >powodzeniem projekt\u00f3w z r\u00f3\u017cnych dziedzin zwi\u0105zanych z informatyk\u0105 daje gwaracj\u0119 klientom na profesjonalne a zarazem indywidualne podejcie.\n<br ><br ><\/p> <\/div> <div  class=\"col-sm-7 flexbox flexbox middle-xs center-xs space-bottom-xs\"><div  class=\"overlay-box flexbox middle-xs center-xs overlay-holder \"> <div  class=\"overlay-box-offset shadow-medium bg-color2 hide-xs offset-background\"><\/div> <img decoding=\"async\"  class=\"flexbox shadow-large img1\" src=\"https:\/\/www.wolbit.com\/wp-content\/uploads\/2019\/09\/cropped-cup_comp.jpg\" data-size=\"600x400\" alt=\"\" title=\"cropped-cup_comp.jpg\"><\/div> <\/div><\/div> <\/div><\/div><div  data-label=\"Content\" data-id=\"content--1\" data-export-id=\"content-8\" data-category=\"content\" class=\"content-8 content-section content-section-spacing\" id=\"content-1\" style=\"background-color: rgb(255, 255, 255);\"><div  class=\"gridContainer\"> <div  class=\"row middle-sm\"><div  class=\"col-sm-6 space-bottom-xs space-top-xs content-left-sm\" data-type=\"column\"> <img decoding=\"async\"  class=\"shadow-large\" src=\"https:\/\/www.wolbit.com\/wp-content\/uploads\/2019\/09\/cropped-red.jpg\" alt=\"\" title=\"cropped-red.jpg\"><\/div> <div  class=\"col-sm-6 content-left-sm\" data-type=\"column\"><h2  class=\"\">Us\u0142ugi dla systemu Windows<\/h2> <p  class=\"\">\u2013 instalacja i konfiguracja system\u00f3w serwerowych opartych na Windows<br >\u2013 administracja systemami serwerowymi opartymi na Windows<br >\u2013 instalacja i konfiguracja stacji roboczych opartych o Windows<br > \u2013 zabezpieczanie sieci przed dost\u0119pem  z zewn\u0105trz za pomoc\u0105 sprz\u0119towych lub programowych firewalli<br >\u2013 administracja domenami ActiveDirectory<br >\u2013 odzyskiwanie danych z uszkodzonych dysk\u00f3w<br >\u2013 usuwanie wirus\u00f3w, trojan\u00f3w i innego z\u0142o\u015bliwego oprogramowania<br >\u2013 konfiguracja i wdra\u017canie system\u00f3w kopii zapasowych<br >\u2013 instalowanie i konfiguracja system\u00f3w antywirusowych<br >\u2013 modernizacja i serwis komputer\u00f3w, serwer\u00f3w oraz laptop\u00f3w\u2013 instalacja i konfiguracja system\u00f3w serwerowych opartych na Windows<br >\u2013 administracja systemami serwerowymi opartymi na Windows<br >\u2013 instalacja i konfiguracja stacji roboczych opartych o Windows<br > \u2013 zabezpieczanie sieci przed dost\u0119pem  z zewn\u0105trz za pomoc\u0105 sprz\u0119towych lub programowych firewalli<br >\u2013 administracja domenami ActiveDirectory<br >\u2013 odzyskiwanie danych z uszkodzonych dysk\u00f3w<br >\u2013 usuwanie wirus\u00f3w, trojan\u00f3w i innego z\u0142o\u015bliwego oprogramowania<br >\u2013 konfiguracja i wdra\u017canie system\u00f3w kopii zapasowych<br >\u2013 instalowanie i konfiguracja system\u00f3w antywirusowych<br >\u2013 modernizacja i serwis komputer\u00f3w, serwer\u00f3w oraz laptop\u00f3w<\/p> <\/div> <\/div><\/div> <\/div><div  data-label=\"Content\" data-id=\"content--2\" data-export-id=\"content-7\" data-category=\"content\" class=\"content-7 content-section content-section-spacing\" id=\"content-2\" style=\"background-color: rgb(245, 250, 253); background-image: none;\"><div  class=\"gridContainer\"> <div  class=\"row middle-sm\"><div  class=\"col-sm-6 space-bottom-xs\" data-type=\"column\"> <h2  class=\"\">Us\u0142ugi dla systemu Linux<\/h2> <p  class=\"\">\u2013 instalacja i konfiguracja system\u00f3w serwerowych opartych na Linux\u2019ie<br >\u2013 administracja systemami serwerowymi<br >\u2013 konfiguracja i uruchamianie serwer\u00f3w us\u0142ugowych np. www, poczta, ftp, proxy, bazy danych itp.<br >\u2013 zabezpieczanie sieci przed dost\u0119pem  z zewn\u0105trz za pomoc\u0105 sprz\u0119towych lub programowych firewalli<br >\u2013 migracja danych i us\u0142ug pomi\u0119dzy fizycznymi maszynami pracuj\u0105cymi pod kontrol\u0105 Linuxa<br >\u2013 odzyskiwanie danych z uszkodzonych partycji<br >\u2013 konfiguracja i wdra\u017canie system\u00f3w kopii zapasowych<br > \u2013 inne us\u0142ugi zwi\u0105zane z prac\u0105 system\u00f3w linuxowych\u2013 instalacja i konfiguracja system\u00f3w serwerowych opartych na Linux\u2019ie<br >\u2013 administracja systemami serwerowymi<br >\u2013 konfiguracja i uruchamianie serwer\u00f3w us\u0142ugowych np. www, poczta, ftp, proxy, bazy danych itp.<br >\u2013 zabezpieczanie sieci przed dost\u0119pem  z zewn\u0105trz za pomoc\u0105 sprz\u0119towych lub programowych firewalli<br >\u2013 migracja danych i us\u0142ug pomi\u0119dzy fizycznymi maszynami pracuj\u0105cymi pod kontrol\u0105 Linuxa<br >\u2013 odzyskiwanie danych z uszkodzonych partycji<br >\u2013 konfiguracja i wdra\u017canie system\u00f3w kopii zapasowych<br > \u2013 inne us\u0142ugi zwi\u0105zane z prac\u0105 system\u00f3w linuxowych<\/p> <\/div> <div  class=\"col-sm-6\" data-type=\"column\"> <img decoding=\"async\"  class=\"shadow-large\" src=\"https:\/\/www.wolbit.com\/wp-content\/uploads\/2019\/09\/cropped-bl.jpg\" alt=\"\" title=\"cropped-bl.jpg\"><\/div> <\/div><\/div> <\/div><div  data-label=\"Content\" data-id=\"content--3\" data-export-id=\"content-2\" data-category=\"content\" class=\"content-2 content-section content-section-spacing\" id=\"content-3\" style=\"background-color: rgb(255, 255, 255);\"><div > <div  class=\"row middle-xs\"><div  class=\"col-sm-5 bg-image shadow-large-black\" data-bg=\"image\" style=\"background-image: url(&quot;https:\/\/www.wolbit.com\/wp-content\/uploads\/2019\/09\/cropped-p2-1.jpg&quot;);\"><\/div> <div  class=\"col-sm-7 full-col-left-padding full-col-right-padding\"> <div  class=\"row\"> <div  data-type=\"column\" class=\"space-bottom-small content-title-col\">  <h2  class=\"\">Wirtualizacja system\u00f3w<\/h2> <p  class=\"\">\u2013 instalacja i konfiguracja Hypervisor\u2019\u00f3w  Vmware\/HyperV\/KVM<br >\u2013 konfiguracja zasob\u00f3w dyskowych  NAS\/iSCSI\/FC<br >\u2013 konfiguracja infrastruktury sieciowej LAN i WAN<br >\u2013 konfiguracja klastr\u00f3w HA\/FT\/DRS<br >\u2013 wirtualizacja fizycznych maszyn<br >\u2013 konfiguracja systemu kopii zapasowych maszyn wirtualnych<br >\u2013 nadz\u00f3r i monitoring wirtualnego \u015brodowiska<br >\u2013 diagnozowanie uszkodze\u0144 i poprawa wydajno\u015bci\u2013 instalacja i konfiguracja Hypervisor\u2019\u00f3w  Vmware\/HyperV\/KVM<br >\u2013 konfiguracja zasob\u00f3w dyskowych  NAS\/iSCSI\/FC<br >\u2013 konfiguracja infrastruktury sieciowej LAN i WAN<br >\u2013 konfiguracja klastr\u00f3w HA\/FT\/DRS<br >\u2013 wirtualizacja fizycznych maszyn<br >\u2013 konfiguracja systemu kopii zapasowych maszyn wirtualnych<br >\u2013 nadz\u00f3r i monitoring wirtualnego \u015brodowiska<br >\u2013 diagnozowanie uszkodze\u0144 i poprawa wydajno\u015bci<\/p><\/div> <\/div> <div  class=\"row spaced-cols \" data-type=\"row\"> <div  class=\"col-xs-6\" data-type=\"column\">  <\/div>    <\/div><\/div> <\/div><\/div> <\/div><div  data-label=\"Content\" data-id=\"content--4\" data-export-id=\"content-3\" data-category=\"content\" class=\"content-3 content-section content-section-spacing\" id=\"content-4\" style=\"background-color: rgb(245, 250, 253);\"><div > <div  class=\"row middle-xs\"><div  class=\"col-sm-7 full-col-left-padding full-col-right-padding\"> <div  class=\"row\"><div  data-type=\"column\" class=\"space-bottom-small content-title-col\">  <h2  class=\"\">Specjalistyczne us\u0142ugi z zakresu IT<\/h2> <p  class=\"\">\u2013 tworzenia oprogramowania dla system\u00f3w klasy Windows\/Linux ( w tym ARM )<br >\u2013 administracji i  konfiguracji  system\u00f3w baz danych opartych na MsSql, Oracle, Interbase, Mysql, PostgreSQL<br >\u2013 projektowania, instalacji i konfiguracji sieci komputerowych LAN i WAN<br >\u2013 konfiguracji i administracji systemami VOIP<br >\u2013 konfiguracji zap\u00f3r ogniowych opartych o rozwi\u0105zania FortiGate, NetAsq<br >\u2013 konfiguracji i administracji systemam\u00f3w sieciowych opartych o oprogramowanie MikroTik<br >\u2013 konfiguracji i administracji systemami CMTS ( Arris, Cisco )<br >\u2013 pomocy w wyborze oraz dostarczeniu sprz\u0119tu serwerowego oraz stacji roboczych<br >\u2013 oprogramowania integruj\u0105cego automatyk\u0119 przemys\u0142ow\u0105, systemy szeregowej transmisji danych oraz bazy danych<br >\u2013 oprogramowania obs\u0142uguj\u0105cego wielkoformatowe wy\u015bwietlacze multimedialne<br >\u2013 kompleksowa administracja sieciami IP dla dostawc\u00f3w us\u0142ug internetowych\u2013 tworzenia oprogramowania dla system\u00f3w klasy Windows\/Linux ( w tym ARM )<br >\u2013 administracji i  konfiguracji  system\u00f3w baz danych opartych na MsSql, Oracle, Interbase, Mysql, PostgreSQL<br >\u2013 projektowania, instalacji i konfiguracji sieci komputerowych LAN i WAN<br >\u2013 konfiguracji i administracji systemami VOIP<br >\u2013 konfiguracji zap\u00f3r ogniowych opartych o rozwi\u0105zania FortiGate, NetAsq<br >\u2013 konfiguracji i administracji systemam\u00f3w sieciowych opartych o oprogramowanie MikroTik<br >\u2013 konfiguracji i administracji systemami CMTS ( Arris, Cisco )<br >\u2013 pomocy w wyborze oraz dostarczeniu sprz\u0119tu serwerowego oraz stacji roboczych<br >\u2013 oprogramowania integruj\u0105cego automatyk\u0119 przemys\u0142ow\u0105, systemy szeregowej transmisji danych oraz bazy danych<br >\u2013 oprogramowania obs\u0142uguj\u0105cego wielkoformatowe wy\u015bwietlacze multimedialne<br >\u2013 kompleksowa administracja sieciami IP dla dostawc\u00f3w us\u0142ug internetowych<\/p><\/div> <\/div> <div  class=\"row spaced-cols\" data-type=\"row\">  <div  class=\"col-xs-6\" data-type=\"column\"> <\/div>   <\/div><\/div> <div  class=\"col-sm-5 bg-image shadow-large-black revert-classes-holder\" data-bg=\"image\" style=\"background-image: url(&quot;https:\/\/www.wolbit.com\/wp-content\/uploads\/2019\/09\/cropped-p1-1.jpg&quot;);\"><\/div><\/div> <\/div><\/div>","protected":false},"excerpt":{"rendered":"<p>Witam na stronie firmy Wolbit Zapraszam do zapoznania si\u0119 z profilem dzia\u0142alo\u015bci firmy. &nbsp;Kilkunastoletnie do\u015bwiadczenie oraz wiele zrealizowanych z powodzeniem projekt\u00f3w z r\u00f3\u017cnych dziedzin zwi\u0105zanych z informatyk\u0105 daje gwaracj\u0119 klientom na profesjonalne a zarazem indywidualne podejcie. Us\u0142ugi dla systemu Windows \u2013 instalacja i konfiguracja system\u00f3w serwerowych opartych na Windows\u2013 administracja systemami serwerowymi opartymi na Windows\u2013&hellip; <br \/> <a class=\"read-more\" href=\"https:\/\/www.wolbit.com\/\">Dowiedz si\u0119 wi\u0119cej<\/a><\/p>\n","protected":false},"author":1,"featured_media":0,"parent":0,"menu_order":0,"comment_status":"closed","ping_status":"closed","template":"page-templates\/homepage.php","meta":{"footnotes":""},"class_list":["post-89","page","type-page","status-publish","hentry"],"_links":{"self":[{"href":"https:\/\/www.wolbit.com\/index.php?rest_route=\/wp\/v2\/pages\/89","targetHints":{"allow":["GET"]}}],"collection":[{"href":"https:\/\/www.wolbit.com\/index.php?rest_route=\/wp\/v2\/pages"}],"about":[{"href":"https:\/\/www.wolbit.com\/index.php?rest_route=\/wp\/v2\/types\/page"}],"author":[{"embeddable":true,"href":"https:\/\/www.wolbit.com\/index.php?rest_route=\/wp\/v2\/users\/1"}],"replies":[{"embeddable":true,"href":"https:\/\/www.wolbit.com\/index.php?rest_route=%2Fwp%2Fv2%2Fcomments&post=89"}],"version-history":[{"count":23,"href":"https:\/\/www.wolbit.com\/index.php?rest_route=\/wp\/v2\/pages\/89\/revisions"}],"predecessor-version":[{"id":176,"href":"https:\/\/www.wolbit.com\/index.php?rest_route=\/wp\/v2\/pages\/89\/revisions\/176"}],"wp:attachment":[{"href":"https:\/\/www.wolbit.com\/index.php?rest_route=%2Fwp%2Fv2%2Fmedia&parent=89"}],"curies":[{"name":"wp","href":"https:\/\/api.w.org\/{rel}","templated":true}]}}